{"id":2159,"date":"2021-04-19T15:13:59","date_gmt":"2021-04-19T15:13:59","guid":{"rendered":"https:\/\/staging.mosertrento.com\/?page_id=2159"},"modified":"2025-10-01T09:40:40","modified_gmt":"2025-10-01T09:40:40","slug":"moser","status":"publish","type":"page","link":"https:\/\/mosertrento.com\/en\/moser\/","title":{"rendered":"Moser"},"content":{"rendered":"\n<div class=\"wp-block-hgblu-hero undefined\"><div class=\"inner\">\n<h1 class=\"wp-block-heading has-text-align-center\">Moser<\/h1>\n\n\n\n<h2 class=\"wp-block-heading has-text-align-center\">ROOTS<\/h2>\n\n\n\n<div class=\"wp-block-hgblu-featured-image d-block d-md-none\" data-image=\"4206\"><div class=\"inner\"><img decoding=\"async\" src=\"https:\/\/mosertrento.com\/wp-content\/uploads\/2025\/10\/Matteo-e-Carlo-Barricaia-Moser-Trento.jpg\" alt=\"\"\/><\/div><\/div>\n\n\n\n<p class=\"has-text-align-center\">Our winery, established in 1979 by Diego and Francesco, is today a modern and innovative winery whose origins are drawn from the farming traditions of the Cembra Valley. The technical expertise, passion and constant search for quality that distinguish Moser wines are drawn from these cultural roots.<\/p>\n<\/div><\/div>\n\n\n\n<div class=\"wp-block-hgblu-featured-image d-none d-md-block\" data-image=\"4206\"><div class=\"inner\"><img decoding=\"async\" src=\"https:\/\/mosertrento.com\/wp-content\/uploads\/2025\/10\/Matteo-e-Carlo-Barricaia-Moser-Trento.jpg\" alt=\"\"\/><\/div><\/div>\n\n\n\n<div class=\"wp-block-columns is-layout-flex wp-container-core-columns-is-layout-9d6595d7 wp-block-columns-is-layout-flex\">\n<div class=\"wp-block-column is-layout-flow wp-block-column-is-layout-flow\" style=\"flex-basis:66.66%\">\n<figure class=\"wp-block-hgblu-immagine  hgblock-image-container-cover null test\"><div class=\"inner\"><img decoding=\"async\" src=\"https:\/\/mosertrento.com\/wp-content\/uploads\/2021\/01\/radici-famiglia-moser.jpg\" alt=\"alt\" class=\"hgblock-image hgblock-image-cover\" data-mobile-src=\"https:\/\/mosertrento.com\/wp-content\/uploads\/2021\/01\/radici-famiglia-moser-600x455.jpg\"\/><\/div><\/figure>\n<\/div>\n\n\n\n<div class=\"wp-block-column is-layout-flow wp-block-column-is-layout-flow\" style=\"flex-basis:33.33%\">\n<h3 class=\"wp-block-heading has-text-align-center\">OUR ORIGINS<\/h3>\n\n\n\n<h4 class=\"wp-block-heading has-text-align-center\">Pal\u00f9 di Giovo<\/h4>\n\n\n\n<p>Our forefathers left Austria and reached the Pin\u00e9 plateau in Trentino in the 1800s. In the first half of the 1900s, Adriano Moser moved to Pal\u00f9 di Giovo in the Cembra Valley with his wife. Here he started tending his first vines, but it was his son Ignazio who transformed a simple love for working in the vineyards to a life-long profession.<\/p>\n<\/div>\n<\/div>\n\n\n\n<div class=\"wp-block-columns is-layout-flex wp-container-core-columns-is-layout-9d6595d7 wp-block-columns-is-layout-flex\">\n<div class=\"wp-block-column is-layout-flow wp-block-column-is-layout-flow\">\n<h3 class=\"wp-block-heading has-text-align-center\">SECOND GENERATION<\/h3>\n\n\n\n<h4 class=\"wp-block-heading has-text-align-center\">Diego and Francesco<\/h4>\n\n\n\n<p>Diego and Francesco were born into a large family with twelve siblings. From their teenage years, they were the ones who took it upon themselves to take care of the vineyards: tilling the fields, cutting the grass by hand, carrying the heavy wicker baskets full of grapes up the steep slopes and terraces of the Cembra Valley. Thanks to their unflagging hard work and devotion the first bottles were produced in the 70s in the family winery of Pal\u00f9 di Giovo.<\/p>\n<\/div>\n\n\n\n<div class=\"wp-block-column is-layout-flow wp-block-column-is-layout-flow\">\n<figure class=\"wp-block-hgblu-immagine  hgblock-image-container-cover null test\"><div class=\"inner\"><img decoding=\"async\" src=\"https:\/\/mosertrento.com\/wp-content\/uploads\/2021\/03\/Francesco-Moser-1.jpg\" alt=\"alt\" class=\"hgblock-image hgblock-image-cover\" data-mobile-src=\"https:\/\/mosertrento.com\/wp-content\/uploads\/2021\/03\/Francesco-Moser-1-467x600.jpg\"\/><\/div><\/figure>\n<\/div>\n\n\n\n<div class=\"wp-block-column is-layout-flow wp-block-column-is-layout-flow\">\n<figure class=\"wp-block-hgblu-immagine  hgblock-image-container-cover null test\"><div class=\"inner\"><img decoding=\"async\" src=\"https:\/\/mosertrento.com\/wp-content\/uploads\/2021\/01\/diego-moser.jpg\" alt=\"alt\" class=\"hgblock-image hgblock-image-cover\" data-mobile-src=\"https:\/\/mosertrento.com\/wp-content\/uploads\/2021\/01\/diego-moser-396x600.jpg\"\/><\/div><\/figure>\n<\/div>\n<\/div>\n\n\n\n<div class=\"wp-block-columns is-layout-flex wp-container-core-columns-is-layout-9d6595d7 wp-block-columns-is-layout-flex\">\n<div class=\"wp-block-column is-layout-flow wp-block-column-is-layout-flow\" style=\"flex-basis:66.66%\">\n<figure class=\"wp-block-hgblu-immagine  hgblock-image-container-cover null test\"><div class=\"inner\"><img decoding=\"async\" src=\"https:\/\/mosertrento.com\/wp-content\/uploads\/2021\/01\/maso-warth-alto.jpg\" alt=\"alt\" class=\"hgblock-image hgblock-image-cover\" data-mobile-src=\"https:\/\/mosertrento.com\/wp-content\/uploads\/2021\/01\/maso-warth-alto-600x455.jpg\"\/><\/div><\/figure>\n<\/div>\n\n\n\n<div class=\"wp-block-column is-layout-flow wp-block-column-is-layout-flow\" style=\"flex-basis:33.33%\">\n<h3 class=\"wp-block-heading has-text-align-center\">Maso Warth<\/h3>\n\n\n\n<h4 class=\"wp-block-heading has-text-align-center\">Historic bishop&#8217;s residence<\/h4>\n\n\n\n<p>In the 80s, thanks to Francesco&#8217;s hard work, we extended our property beyond the geographic borders of the Cembra Valley. With the purchase of this historic bishop&#8217;s residence at Maso Warth surrounded by a magnificent amphitheatre of vineyards on the hills above Trento, a new building was designed to house an innovative modern winery and tasting room.<\/p>\n<\/div>\n<\/div>\n\n\n\n<div class=\"wp-block-columns is-layout-flex wp-container-core-columns-is-layout-9d6595d7 wp-block-columns-is-layout-flex\">\n<div class=\"wp-block-column is-layout-flow wp-block-column-is-layout-flow\">\n<figure class=\"wp-block-hgblu-immagine  hgblock-image-container-cover null test\"><div class=\"inner\"><img decoding=\"async\" src=\"https:\/\/mosertrento.com\/wp-content\/uploads\/2021\/01\/carlo-moser-1.jpg\" alt=\"alt\" class=\"hgblock-image hgblock-image-cover\" data-mobile-src=\"https:\/\/mosertrento.com\/wp-content\/uploads\/2021\/01\/carlo-moser-1-396x600.jpg\"\/><\/div><\/figure>\n<\/div>\n\n\n\n<div class=\"wp-block-column is-layout-flow wp-block-column-is-layout-flow\">\n<h3 class=\"wp-block-heading has-text-align-center\">THIRD GENERATION<\/h3>\n\n\n\n<h4 class=\"wp-block-heading has-text-align-center\">Carlo and Matteo<\/h4>\n\n\n\n<p>Today, it is to the third generation of Mosers that have risen to the challenge and who keep the family business going. Carlo, Francesco&#8217;s son, manages the estate while Matteo, Diego&#8217;s son, is in charge of the technical aspects of winegrowing and winemaking. They are instrumental in developing and strengthening the prestige of the estate and are writing a new chapter in Moser history by combining innovative and modern concepts with winemaking expertise and family traditions.<\/p>\n<\/div>\n\n\n\n<div class=\"wp-block-column is-layout-flow wp-block-column-is-layout-flow\">\n<figure class=\"wp-block-hgblu-immagine  hgblock-image-container-cover null test\"><div class=\"inner\"><img decoding=\"async\" src=\"https:\/\/mosertrento.com\/wp-content\/uploads\/2021\/01\/matteo-moser-1.jpg\" alt=\"alt\" class=\"hgblock-image hgblock-image-cover\" data-mobile-src=\"https:\/\/mosertrento.com\/wp-content\/uploads\/2021\/01\/matteo-moser-1-396x600.jpg\"\/><\/div><\/figure>\n<\/div>\n<\/div>\n","protected":false},"excerpt":{"rendered":"<p>OUR ORIGINS Pal\u00f9 di Giovo Our forefathers left Austria and reached the Pin\u00e9 plateau in Trentino in the 1800s. In the first half of the 1900s, Adriano Moser moved to Pal\u00f9 di Giovo in the Cembra Valley with his wife. Here he started tending his first vines, but it was his son Ignazio who transformed [&hellip;]<\/p>\n","protected":false},"author":1,"featured_media":4206,"parent":0,"menu_order":2,"comment_status":"closed","ping_status":"closed","template":"","meta":{"_acf_changed":false,"_uag_custom_page_level_css":"","footnotes":""},"class_list":["post-2159","page","type-page","status-publish","has-post-thumbnail","hentry"],"acf":[],"uagb_featured_image_src":{"full":["https:\/\/mosertrento.com\/wp-content\/uploads\/2025\/10\/Matteo-e-Carlo-Barricaia-Moser-Trento.jpg",1701,957,false],"thumbnail":["https:\/\/mosertrento.com\/wp-content\/uploads\/2025\/10\/Matteo-e-Carlo-Barricaia-Moser-Trento-150x150.jpg",150,150,true],"medium":["https:\/\/mosertrento.com\/wp-content\/uploads\/2025\/10\/Matteo-e-Carlo-Barricaia-Moser-Trento-300x169.jpg",300,169,true],"medium_large":["https:\/\/mosertrento.com\/wp-content\/uploads\/2025\/10\/Matteo-e-Carlo-Barricaia-Moser-Trento-768x432.jpg",768,432,true],"large":["https:\/\/mosertrento.com\/wp-content\/uploads\/2025\/10\/Matteo-e-Carlo-Barricaia-Moser-Trento-1024x576.jpg",1024,576,true],"mobile-guten":["https:\/\/mosertrento.com\/wp-content\/uploads\/2025\/10\/Matteo-e-Carlo-Barricaia-Moser-Trento-600x338.jpg",600,338,true],"1536x1536":["https:\/\/mosertrento.com\/wp-content\/uploads\/2025\/10\/Matteo-e-Carlo-Barricaia-Moser-Trento-1536x864.jpg",1536,864,true],"2048x2048":["https:\/\/mosertrento.com\/wp-content\/uploads\/2025\/10\/Matteo-e-Carlo-Barricaia-Moser-Trento.jpg",1701,957,false],"ptam-block-post-grid-landscape":["https:\/\/mosertrento.com\/wp-content\/uploads\/2025\/10\/Matteo-e-Carlo-Barricaia-Moser-Trento-600x400.jpg",600,400,true],"ptam-block-post-grid-square":["https:\/\/mosertrento.com\/wp-content\/uploads\/2025\/10\/Matteo-e-Carlo-Barricaia-Moser-Trento-600x600.jpg",600,600,true],"ptam-block-post-grid-featured-landscape":["https:\/\/mosertrento.com\/wp-content\/uploads\/2025\/10\/Matteo-e-Carlo-Barricaia-Moser-Trento-1000x600.jpg",1000,600,true]},"uagb_author_info":{"display_name":"admin","author_link":"https:\/\/mosertrento.com\/en\/author\/hgblu\/"},"uagb_comment_info":0,"uagb_excerpt":"OUR ORIGINS Pal\u00f9 di Giovo Our forefathers left Austria and reached the Pin\u00e9 plateau in Trentino in the 1800s. In the first half of the 1900s, Adriano Moser moved to Pal\u00f9 di Giovo in the Cembra Valley with his wife. Here he started tending his first vines, but it was his son Ignazio who transformed&hellip;","_links":{"self":[{"href":"https:\/\/mosertrento.com\/en\/wp-json\/wp\/v2\/pages\/2159","targetHints":{"allow":["GET"]}}],"collection":[{"href":"https:\/\/mosertrento.com\/en\/wp-json\/wp\/v2\/pages"}],"about":[{"href":"https:\/\/mosertrento.com\/en\/wp-json\/wp\/v2\/types\/page"}],"author":[{"embeddable":true,"href":"https:\/\/mosertrento.com\/en\/wp-json\/wp\/v2\/users\/1"}],"replies":[{"embeddable":true,"href":"https:\/\/mosertrento.com\/en\/wp-json\/wp\/v2\/comments?post=2159"}],"version-history":[{"count":8,"href":"https:\/\/mosertrento.com\/en\/wp-json\/wp\/v2\/pages\/2159\/revisions"}],"predecessor-version":[{"id":4212,"href":"https:\/\/mosertrento.com\/en\/wp-json\/wp\/v2\/pages\/2159\/revisions\/4212"}],"wp:featuredmedia":[{"embeddable":true,"href":"https:\/\/mosertrento.com\/en\/wp-json\/wp\/v2\/media\/4206"}],"wp:attachment":[{"href":"https:\/\/mosertrento.com\/en\/wp-json\/wp\/v2\/media?parent=2159"}],"curies":[{"name":"wp","href":"https:\/\/api.w.org\/{rel}","templated":true}]}}