{"id":2184,"date":"2021-04-23T08:55:57","date_gmt":"2021-04-23T08:55:57","guid":{"rendered":"https:\/\/staging.mosertrento.com\/?page_id=2184"},"modified":"2026-04-20T15:03:43","modified_gmt":"2026-04-20T15:03:43","slug":"rose","status":"publish","type":"page","link":"https:\/\/mosertrento.com\/en\/trentodoc\/rose\/","title":{"rendered":"Ros\u00e9"},"content":{"rendered":"\n<figure class=\"wp-block-hgblu-immagine has-text-align-center text-level-xl hgblock-image-container-text\"><div class=\"inner\"><img decoding=\"async\" src=\"https:\/\/mosertrento.com\/wp-content\/uploads\/2021\/03\/logoRoseMoser.svg\" alt=\"alt\" class=\"hgblock-image hgblock-image-text\" data-mobile-src=\"false\"\/><\/div><\/figure>\n\n\n\n<div class=\"wp-block-hgblu-featured-image\" data-background=\"true\" data-image=\"4764\"><div class=\"inner\"><img decoding=\"async\" src=\"https:\/\/mosertrento.com\/wp-content\/uploads\/2026\/04\/Trentodoc-Rose-2021-1-scaled.png\" alt=\"\"\/><\/div><\/div>\n\n\n\n<div class=\"wp-block-group\"><div class=\"wp-block-group__inner-container is-layout-flow wp-block-group-is-layout-flow\">\n<h1 class=\"wp-block-heading has-text-align-center\">ROS\u00c9<\/h1>\n\n\n\n<h4 class=\"wp-block-heading has-text-align-center\">TRENTODOC 100% PINOT NOIR<\/h4>\n\n\n\n<p class=\"has-text-align-center\">An extreme Ros\u00e9, exclusively Pinot Noir grapes and an Extra-Brut dosage. A ros\u00e9 in line with the rest of our Trentodoc range that focuses on showcasing the full potential of Pinot Noir while being the finest expression of our land, Trentino.<\/p>\n<\/div><\/div>\n\n\n\n<div class=\"wp-block-columns is-layout-flex wp-container-core-columns-is-layout-9d6595d7 wp-block-columns-is-layout-flex\">\n<div class=\"wp-block-column is-layout-flow wp-block-column-is-layout-flow\">\n<h3 class=\"wp-block-heading has-text-align-center\">GRAPES<\/h3>\n\n\n\n<h4 class=\"wp-block-heading has-text-align-center\">VINEYARDS<\/h4>\n\n\n\n<p>The Doss dei Cedri vineyard represents a piece of Maso Warth&#8217;s history. This Pinot Noir vineyard was planted in 1980 on a sunny hillock of pure dolomite that enjoys the breeze blowing up from Lake Garda. This vineyard&#8217;s specific altitude and exposure are ideal for growing Pinot Noir grapes to be fermented and transformed into our Ros\u00e9 Extra Brut sparkling wine.<\/p>\n<\/div>\n\n\n\n<div class=\"wp-block-column is-layout-flow wp-block-column-is-layout-flow\">\n<h3 class=\"wp-block-heading has-text-align-center\">METHOD<\/h3>\n\n\n\n<h4 class=\"wp-block-heading has-text-align-center\">fermentation<\/h4>\n\n\n\n<p>A very short maceration on the skins followed by fermentation off the skins results in an elegant and enjoyable wine that, after its long ageing on the lees, acquires a light pink shade with salmon highlights. <\/p>\n<\/div>\n\n\n\n<div class=\"wp-block-column is-layout-flow wp-block-column-is-layout-flow\">\n<figure class=\"wp-block-hgblu-immagine  hgblock-image-container-cover null test\"><div class=\"inner\"><img decoding=\"async\" src=\"https:\/\/mosertrento.com\/wp-content\/uploads\/2021\/02\/pinot-nero-rose.jpg\" alt=\"alt\" class=\"hgblock-image hgblock-image-cover\" data-mobile-src=\"https:\/\/mosertrento.com\/wp-content\/uploads\/2021\/02\/pinot-nero-rose-396x600.jpg\"\/><\/div><\/figure>\n<\/div>\n<\/div>\n\n\n\n<div class=\"wp-block-columns is-layout-flex wp-container-core-columns-is-layout-9d6595d7 wp-block-columns-is-layout-flex\">\n<div class=\"wp-block-column is-layout-flow wp-block-column-is-layout-flow\" style=\"flex-basis:66.66%\">\n<figure class=\"wp-block-hgblu-immagine  hgblock-image-container-cover null test\"><div class=\"inner\"><img decoding=\"async\" src=\"https:\/\/mosertrento.com\/wp-content\/uploads\/2021\/02\/trentodoc-rose-moser.jpg\" alt=\"alt\" class=\"hgblock-image hgblock-image-cover\" data-mobile-src=\"https:\/\/mosertrento.com\/wp-content\/uploads\/2021\/02\/trentodoc-rose-moser-600x455.jpg\"\/><\/div><\/figure>\n<\/div>\n\n\n\n<div class=\"wp-block-column is-layout-flow wp-block-column-is-layout-flow\" style=\"flex-basis:33.33%\">\n<h3 class=\"wp-block-heading has-text-align-center\">CHARACTERISTICS<\/h3>\n\n\n\n<h4 class=\"wp-block-heading has-text-align-center\">MOUNTAIN ROS\u00c9<\/h4>\n\n\n\n<p>In the glass, the wine is pale pink with onion-skin highlights. The nose starts with varietal hints of red berries and then veers to more smoked undertones. In the mouth, the fine bubbles give effervescence to its note-worthy structure, typical of Pinot Noir.<\/p>\n<\/div>\n<\/div>\n\n\n\n<div class=\"wp-block-columns is-layout-flex wp-container-core-columns-is-layout-9d6595d7 wp-block-columns-is-layout-flex\">\n<div class=\"wp-block-column is-layout-flow wp-block-column-is-layout-flow\"><\/div>\n\n\n\n<div class=\"wp-block-column is-layout-flow wp-block-column-is-layout-flow\">\n<figure class=\"wp-block-hgblu-immagine  hgblock-image-container-width-priority etichetta\"><div class=\"inner\"><img decoding=\"async\" src=\"https:\/\/mosertrento.com\/wp-content\/uploads\/2026\/04\/Moser-Rose-2021-Etichetta.jpg\" alt=\"alt\" class=\"hgblock-image hgblock-image-width-priority\" data-mobile-src=\"https:\/\/mosertrento.com\/wp-content\/uploads\/2026\/04\/Moser-Rose-2021-Etichetta-600x360.jpg\"\/><\/div><\/figure>\n\n\n\n\n<a href=\"https:\/\/mosertrento.com\/wp-content\/uploads\/2026\/04\/Scheda-Tecnica-Trentodoc-Rose-2021-ENG-3.pdf\" target=\"_blank\" id=\"cta-block_f43d30391e76c8be5e4d1d633e1fd716\"\n    class=\"cta acf-block-cta hg-frontity-cta\">\n    Wine fact sheet<\/a>\n\n<\/div>\n\n\n\n<div class=\"wp-block-column is-layout-flow wp-block-column-is-layout-flow\"><\/div>\n<\/div>\n\n\n\n<div class=\"wp-block-columns is-layout-flex wp-container-core-columns-is-layout-9d6595d7 wp-block-columns-is-layout-flex\">\n<div class=\"wp-block-column is-layout-flow wp-block-column-is-layout-flow\" style=\"flex-basis:33.33%\">\n<h3 class=\"wp-block-heading has-text-align-center\">THE OTHER MOSER TRENTODOC<\/h3>\n\n\n<div class=\"hgblu-relationship-links text-center\">\n        <a href=\"https:\/\/mosertrento.com\/en\/trentodoc\/51151-2\/\">51,151<\/a><br>\n        <a href=\"https:\/\/mosertrento.com\/en\/trentodoc\/brut-nature\/\">Brut Nature<\/a><br>\n        <a href=\"https:\/\/mosertrento.com\/en\/trentodoc\/blauen\/\">Blauen<\/a><br>\n        <a href=\"https:\/\/mosertrento.com\/en\/trentodoc\/tracce\/\">Tracce<\/a><br>\n    <\/div>\n\n<\/div>\n\n\n\n<div class=\"wp-block-column is-layout-flow wp-block-column-is-layout-flow\" style=\"flex-basis:66.66%\"><div class=\"hgblu-relationship rel-siblings\" data-rel=\"siblings\">\n        <div class=\"swiper-container\">\n        <div class=\"swiper-wrapper\">\n                        \n            <div class=\"swiper-slide\" data-link=\"https:\/\/mosertrento.com\/en\/trentodoc\/51151-2\/\">\n                <a>\n                    <div class=\"image\">\n                        <img decoding=\"async\" class=\"no-lazy\" src=\"https:\/\/mosertrento.com\/wp-content\/uploads\/2026\/04\/Trentodoc-51151-1-scaled.png\" srcset=\"https:\/\/mosertrento.com\/wp-content\/uploads\/2026\/04\/Trentodoc-51151-1-scaled.png 683w, https:\/\/mosertrento.com\/wp-content\/uploads\/2026\/04\/Trentodoc-51151-1-80x300.png 80w, https:\/\/mosertrento.com\/wp-content\/uploads\/2026\/04\/Trentodoc-51151-1-273x1024.png 273w, https:\/\/mosertrento.com\/wp-content\/uploads\/2026\/04\/Trentodoc-51151-1-768x2880.png 768w, https:\/\/mosertrento.com\/wp-content\/uploads\/2026\/04\/Trentodoc-51151-1-160x600.png 160w, https:\/\/mosertrento.com\/wp-content\/uploads\/2026\/04\/Trentodoc-51151-1-410x1536.png 410w, https:\/\/mosertrento.com\/wp-content\/uploads\/2026\/04\/Trentodoc-51151-1-546x2048.png 546w\" alt=\"src\">\n                    <\/div>\n                    <h3 class=\"title\">51,151<\/h3>\n                <\/a>\n            <\/div>\n                        \n            <div class=\"swiper-slide\" data-link=\"https:\/\/mosertrento.com\/en\/trentodoc\/brut-nature\/\">\n                <a>\n                    <div class=\"image\">\n                        <img decoding=\"async\" class=\"no-lazy\" src=\"https:\/\/mosertrento.com\/wp-content\/uploads\/2026\/04\/Trentodoc-Brut-Nature-2019-1-scaled.png\" srcset=\"\" alt=\"src\">\n                    <\/div>\n                    <h3 class=\"title\">Brut Nature<\/h3>\n                <\/a>\n            <\/div>\n                        \n            <div class=\"swiper-slide\" data-link=\"https:\/\/mosertrento.com\/en\/trentodoc\/blauen\/\">\n                <a>\n                    <div class=\"image\">\n                        <img decoding=\"async\" class=\"no-lazy\" src=\"https:\/\/mosertrento.com\/wp-content\/uploads\/2026\/04\/Trentodoc-Blauen-2018-1-scaled.png\" srcset=\"https:\/\/mosertrento.com\/wp-content\/uploads\/2026\/04\/Trentodoc-Blauen-2018-1-scaled.png 683w, https:\/\/mosertrento.com\/wp-content\/uploads\/2026\/04\/Trentodoc-Blauen-2018-1-80x300.png 80w, https:\/\/mosertrento.com\/wp-content\/uploads\/2026\/04\/Trentodoc-Blauen-2018-1-273x1024.png 273w, https:\/\/mosertrento.com\/wp-content\/uploads\/2026\/04\/Trentodoc-Blauen-2018-1-768x2880.png 768w, https:\/\/mosertrento.com\/wp-content\/uploads\/2026\/04\/Trentodoc-Blauen-2018-1-160x600.png 160w, https:\/\/mosertrento.com\/wp-content\/uploads\/2026\/04\/Trentodoc-Blauen-2018-1-410x1536.png 410w, https:\/\/mosertrento.com\/wp-content\/uploads\/2026\/04\/Trentodoc-Blauen-2018-1-546x2048.png 546w\" alt=\"src\">\n                    <\/div>\n                    <h3 class=\"title\">Blauen<\/h3>\n                <\/a>\n            <\/div>\n                        \n            <div class=\"swiper-slide\" data-link=\"https:\/\/mosertrento.com\/en\/trentodoc\/tracce\/\">\n                <a>\n                    <div class=\"image\">\n                        <img decoding=\"async\" class=\"no-lazy\" src=\"https:\/\/mosertrento.com\/wp-content\/uploads\/2026\/04\/Trentodoc-Tracce-Riserva-2012-2-scaled.png\" srcset=\"https:\/\/mosertrento.com\/wp-content\/uploads\/2026\/04\/Trentodoc-Tracce-Riserva-2012-2-scaled.png 682w, https:\/\/mosertrento.com\/wp-content\/uploads\/2026\/04\/Trentodoc-Tracce-Riserva-2012-2-80x300.png 80w, https:\/\/mosertrento.com\/wp-content\/uploads\/2026\/04\/Trentodoc-Tracce-Riserva-2012-2-273x1024.png 273w, https:\/\/mosertrento.com\/wp-content\/uploads\/2026\/04\/Trentodoc-Tracce-Riserva-2012-2-768x2882.png 768w, https:\/\/mosertrento.com\/wp-content\/uploads\/2026\/04\/Trentodoc-Tracce-Riserva-2012-2-160x600.png 160w, https:\/\/mosertrento.com\/wp-content\/uploads\/2026\/04\/Trentodoc-Tracce-Riserva-2012-2-409x1536.png 409w\" alt=\"src\">\n                    <\/div>\n                    <h3 class=\"title\">Tracce<\/h3>\n                <\/a>\n            <\/div>\n                    <\/div>\n\n        <div class=\"swiper-pagination\"><\/div>\n        <div class=\"swiper-button-prev\"><\/div>\n        <div class=\"swiper-button-next\"><\/div>\n    <\/div>\n<\/div>\n\n<\/div>\n<\/div>\n\n\n\n<p><\/p>\n","protected":false},"excerpt":{"rendered":"<p>ROS\u00c9 TRENTODOC 100% PINOT NOIR An extreme Ros\u00e9, exclusively Pinot Noir grapes and an Extra-Brut dosage. A ros\u00e9 in line with the rest of our Trentodoc range that focuses on showcasing the full potential of Pinot Noir while being the finest expression of our land, Trentino. GRAPES VINEYARDS The Doss dei Cedri vineyard represents a [&hellip;]<\/p>\n","protected":false},"author":1,"featured_media":4764,"parent":2181,"menu_order":1,"comment_status":"closed","ping_status":"closed","template":"","meta":{"_acf_changed":false,"_uag_custom_page_level_css":"","footnotes":""},"class_list":["post-2184","page","type-page","status-publish","has-post-thumbnail","hentry"],"acf":[],"uagb_featured_image_src":{"full":["https:\/\/mosertrento.com\/wp-content\/uploads\/2026\/04\/Trentodoc-Rose-2021-1-scaled.png",683,2560,false],"thumbnail":["https:\/\/mosertrento.com\/wp-content\/uploads\/2026\/04\/Trentodoc-Rose-2021-1-150x150.png",150,150,true],"medium":["https:\/\/mosertrento.com\/wp-content\/uploads\/2026\/04\/Trentodoc-Rose-2021-1-80x300.png",80,300,true],"medium_large":["https:\/\/mosertrento.com\/wp-content\/uploads\/2026\/04\/Trentodoc-Rose-2021-1-768x2878.png",768,2878,true],"large":["https:\/\/mosertrento.com\/wp-content\/uploads\/2026\/04\/Trentodoc-Rose-2021-1-273x1024.png",273,1024,true],"mobile-guten":["https:\/\/mosertrento.com\/wp-content\/uploads\/2026\/04\/Trentodoc-Rose-2021-1-160x600.png",160,600,true],"1536x1536":["https:\/\/mosertrento.com\/wp-content\/uploads\/2026\/04\/Trentodoc-Rose-2021-1-410x1536.png",410,1536,true],"2048x2048":["https:\/\/mosertrento.com\/wp-content\/uploads\/2026\/04\/Trentodoc-Rose-2021-1-546x2048.png",546,2048,true],"ptam-block-post-grid-landscape":["https:\/\/mosertrento.com\/wp-content\/uploads\/2026\/04\/Trentodoc-Rose-2021-1-600x400.png",600,400,true],"ptam-block-post-grid-square":["https:\/\/mosertrento.com\/wp-content\/uploads\/2026\/04\/Trentodoc-Rose-2021-1-600x600.png",600,600,true],"ptam-block-post-grid-featured-landscape":["https:\/\/mosertrento.com\/wp-content\/uploads\/2026\/04\/Trentodoc-Rose-2021-1-1000x600.png",1000,600,true]},"uagb_author_info":{"display_name":"admin","author_link":"https:\/\/mosertrento.com\/en\/author\/hgblu\/"},"uagb_comment_info":0,"uagb_excerpt":"ROS\u00c9 TRENTODOC 100% PINOT NOIR An extreme Ros\u00e9, exclusively Pinot Noir grapes and an Extra-Brut dosage. A ros\u00e9 in line with the rest of our Trentodoc range that focuses on showcasing the full potential of Pinot Noir while being the finest expression of our land, Trentino. GRAPES VINEYARDS The Doss dei Cedri vineyard represents a&hellip;","_links":{"self":[{"href":"https:\/\/mosertrento.com\/en\/wp-json\/wp\/v2\/pages\/2184","targetHints":{"allow":["GET"]}}],"collection":[{"href":"https:\/\/mosertrento.com\/en\/wp-json\/wp\/v2\/pages"}],"about":[{"href":"https:\/\/mosertrento.com\/en\/wp-json\/wp\/v2\/types\/page"}],"author":[{"embeddable":true,"href":"https:\/\/mosertrento.com\/en\/wp-json\/wp\/v2\/users\/1"}],"replies":[{"embeddable":true,"href":"https:\/\/mosertrento.com\/en\/wp-json\/wp\/v2\/comments?post=2184"}],"version-history":[{"count":20,"href":"https:\/\/mosertrento.com\/en\/wp-json\/wp\/v2\/pages\/2184\/revisions"}],"predecessor-version":[{"id":5004,"href":"https:\/\/mosertrento.com\/en\/wp-json\/wp\/v2\/pages\/2184\/revisions\/5004"}],"up":[{"embeddable":true,"href":"https:\/\/mosertrento.com\/en\/wp-json\/wp\/v2\/pages\/2181"}],"wp:featuredmedia":[{"embeddable":true,"href":"https:\/\/mosertrento.com\/en\/wp-json\/wp\/v2\/media\/4764"}],"wp:attachment":[{"href":"https:\/\/mosertrento.com\/en\/wp-json\/wp\/v2\/media?parent=2184"}],"curies":[{"name":"wp","href":"https:\/\/api.w.org\/{rel}","templated":true}]}}